{"id":18,"date":"2014-08-29T13:40:07","date_gmt":"2014-08-29T13:40:07","guid":{"rendered":"http:\/\/www.pensiuneacasadavid.ro\/?page_id=18"},"modified":"2019-10-06T20:02:19","modified_gmt":"2019-10-06T20:02:19","slug":"despre-noi","status":"publish","type":"page","link":"https:\/\/www.pensiune-laura.ro\/en_us\/despre-noi\/","title":{"rendered":"Cazare"},"content":{"rendered":"<p><!DOCTYPE html><br \/>\n<html><br \/>\n<head><\/p>\n<p><\/head><br \/>\n<body><br \/>\n<\/body><br \/>\n<\/html><\/p>\n<h4><span><strong>Laura Guesthouse<\/strong>\u00a0pune la dispozi\u0163ia dumneavoastr\u0103:<\/span><\/h4>\n<ul>\n<li>4 camere duble cu pat matrimonial- cu baie proprie;<\/li>\n<li>4 camere TWIN ( 2 paturi ) -cu baie proprie;<\/li>\n<li>1 apartament compus din 2 camere cu baie comuna (1camera twin + 1camera dubla\u00a0 cu col\u0163ar extensibil);<\/li>\n<li>internet WI-FI;<\/li>\n<li>centrul SPA dispune de saun\u0103 (capacitate 6 locuri), sala de recreere &#8211;\u00a0 mas\u0103 de tenis si mas\u0103 biliard;<\/li>\n<li>restaurant a la carte cu o capacitate de 90 locuri;<\/li>\n<li>terasa cu o capacitate de 40 locuri;<\/li>\n<li>parcare pentru 10 autoturisme;<\/li>\n<li>bar de zi;<\/li>\n<li>sala de conferin\u0163\u0103 dispune de 40-45 locuri<\/li>\n<\/ul>\n<h3><span><span style=\"color: #000000;\">Pensiunea Laura v\u0103 mai ofer\u0103 \u0219i posibilitatea servirii unui preparat de carne la gr\u0103tar, \u00een\u00a0foi\u0219orul pensiunii, pe baz\u0103 de\u00a0comand\u0103!<\/span><\/span><\/h3>\n<p><span><span style=\"color: #000000;\">Excursiile la diferite obiective turistice pe o distan\u0163\u0103 de max. 100 km, pentru grupuri, pot fi organizate cu o solicitare concret\u0103.<\/span><\/span><\/p>","protected":false},"excerpt":{"rendered":"<p>Pensiunea Laura\u00a0pune la dispozi\u0163ia dumneavoastr\u0103: 4 camere duble cu pat matrimonial- cu baie proprie; 4 camere TWIN ( 2 paturi ) -cu baie proprie; 1 apartament compus din 2 camere cu baie comuna (1camera twin + 1camera dubla\u00a0 cu col\u0163ar extensibil); internet WI-FI; centrul SPA dispune de saun\u0103 (capacitate 6 [&hellip;]<\/p>","protected":false},"author":5,"featured_media":908,"parent":0,"menu_order":0,"comment_status":"closed","ping_status":"closed","template":"page-templates\/template-fullwidth.php","meta":[],"_links":{"self":[{"href":"https:\/\/www.pensiune-laura.ro\/en_us\/wp-json\/wp\/v2\/pages\/18"}],"collection":[{"href":"https:\/\/www.pensiune-laura.ro\/en_us\/wp-json\/wp\/v2\/pages"}],"about":[{"href":"https:\/\/www.pensiune-laura.ro\/en_us\/wp-json\/wp\/v2\/types\/page"}],"author":[{"embeddable":true,"href":"https:\/\/www.pensiune-laura.ro\/en_us\/wp-json\/wp\/v2\/users\/5"}],"replies":[{"embeddable":true,"href":"https:\/\/www.pensiune-laura.ro\/en_us\/wp-json\/wp\/v2\/comments?post=18"}],"version-history":[{"count":26,"href":"https:\/\/www.pensiune-laura.ro\/en_us\/wp-json\/wp\/v2\/pages\/18\/revisions"}],"predecessor-version":[{"id":3038,"href":"https:\/\/www.pensiune-laura.ro\/en_us\/wp-json\/wp\/v2\/pages\/18\/revisions\/3038"}],"wp:featuredmedia":[{"embeddable":true,"href":"https:\/\/www.pensiune-laura.ro\/en_us\/wp-json\/wp\/v2\/media\/908"}],"wp:attachment":[{"href":"https:\/\/www.pensiune-laura.ro\/en_us\/wp-json\/wp\/v2\/media?parent=18"}],"curies":[{"name":"wp","href":"https:\/\/api.w.org\/{rel}","templated":true}]}}