{"id":24,"date":"2014-08-29T13:40:34","date_gmt":"2014-08-29T13:40:34","guid":{"rendered":"http:\/\/www.pensiuneacasadavid.ro\/?page_id=24"},"modified":"2019-06-11T12:52:18","modified_gmt":"2019-06-11T12:52:18","slug":"rezervari","status":"publish","type":"page","link":"https:\/\/www.pensiune-laura.ro\/en_us\/rezervari\/","title":{"rendered":"Rezerv\u0103ri"},"content":{"rendered":"<div role=\"form\" class=\"wpcf7\" id=\"wpcf7-f196-o1\" lang=\"en-US\" dir=\"ltr\">\n<div class=\"screen-reader-response\"><p role=\"status\" aria-live=\"polite\" aria-atomic=\"true\"><\/p> <ul><\/ul><\/div>\n<form action=\"\/en_us\/wp-json\/wp\/v2\/pages\/24#wpcf7-f196-o1\" method=\"post\" class=\"wpcf7-form init\" novalidate=\"novalidate\" data-status=\"init\" data-trp-original-action=\"\/en_us\/wp-json\/wp\/v2\/pages\/24#wpcf7-f196-o1\">\n<div style=\"display: none;\">\n<input type=\"hidden\" name=\"_wpcf7\" value=\"196\" \/>\n<input type=\"hidden\" name=\"_wpcf7_version\" value=\"5.4.1\" \/>\n<input type=\"hidden\" name=\"_wpcf7_locale\" value=\"en_US\" \/>\n<input type=\"hidden\" name=\"_wpcf7_unit_tag\" value=\"wpcf7-f196-o1\" \/>\n<input type=\"hidden\" name=\"_wpcf7_container_post\" value=\"0\" \/>\n<input type=\"hidden\" name=\"_wpcf7_posted_data_hash\" value=\"\" \/>\n<\/div>\n<h4>Personal information:<\/h4>\n<p><strong>Name:<\/strong><br \/>\n<span class=\"wpcf7-form-control-wrap Nume\"><input type=\"text\" name=\"Nume\" value=\"\" size=\"40\" class=\"wpcf7-form-control wpcf7-text wpcf7-validates-as-required\" id=\"nume\" aria-required=\"true\" aria-invalid=\"false\" \/><\/span><\/p>\n<p><strong>Email:<\/strong><br \/>\n<span class=\"wpcf7-form-control-wrap Email\"><input type=\"email\" name=\"Email\" value=\"\" size=\"40\" class=\"wpcf7-form-control wpcf7-text wpcf7-email wpcf7-validates-as-required wpcf7-validates-as-email\" id=\"email\" aria-required=\"true\" aria-invalid=\"false\" \/><\/span><\/p>\n<p><strong>Phone:<\/strong><br \/>\n<span class=\"wpcf7-form-control-wrap Telefon\"><input type=\"tel\" name=\"Telefon\" value=\"\" size=\"40\" class=\"wpcf7-form-control wpcf7-text wpcf7-tel wpcf7-validates-as-required wpcf7-validates-as-tel\" id=\"telefon\" aria-required=\"true\" aria-invalid=\"false\" \/><\/span><\/p>\n<h4>Perriod of stay<\/h4>\n<p><strong>Arrive date:<\/strong><br \/>\n<span class=\"wpcf7-form-control-wrap Sosire\"><input type=\"text\" name=\"Sosire\" value=\"\" size=\"40\" class=\"wpcf7-form-control wpcf7-date wpcf7-validates-as-required\" id=\"dsos\" aria-required=\"true\" \/> <\/span><\/p>\n<p><strong>Leaving date:<\/strong><br \/>\n<span class=\"wpcf7-form-control-wrap Plecare\"><input type=\"text\" name=\"Plecare\" value=\"\" size=\"40\" class=\"wpcf7-form-control wpcf7-date wpcf7-validates-as-required\" id=\"dplec\" aria-required=\"true\" \/> <\/span><\/p>\n<p><strong>Number of nights:<\/strong><br \/>\n<span class=\"wpcf7-form-control-wrap Nopti\"><input type=\"number\" name=\"Nopti\" value=\"\" class=\"wpcf7-form-control wpcf7-number wpcf7-validates-as-required wpcf7-validates-as-number\" id=\"nrnopti\" aria-required=\"true\" aria-invalid=\"false\" \/><\/span><\/p>\n<p><strong>Room type:<\/strong><br \/>\n<span class=\"wpcf7-form-control-wrap checkbox-553\"><span class=\"wpcf7-form-control wpcf7-checkbox wpcf7-validates-as-required wpcf7-exclusive-checkbox\" id=\"tipcamera\"><span class=\"wpcf7-list-item first\"><label><input type=\"checkbox\" name=\"checkbox-553\" value=\"Camer\u0103 dubl\u0103 matrimonial\u0103\" \/><span class=\"wpcf7-list-item-label\">Matrimonial Double Room<\/span><\/label><\/span><span class=\"wpcf7-list-item\"><label><input type=\"checkbox\" name=\"checkbox-553\" value=\"Camer\u0103 double twin\" \/><span class=\"wpcf7-list-item-label\">Double Twin Room<\/span><\/label><\/span><span class=\"wpcf7-list-item last\"><label><input type=\"checkbox\" name=\"checkbox-553\" value=\"Apartament 2 camere\" \/><span class=\"wpcf7-list-item-label\">2 rooms apartment<\/span><\/label><\/span><\/span><\/span><\/p>\n<h4>Booking information:<\/h4>\n<p><strong>Number of adults:<\/strong><br \/>\n<span class=\"wpcf7-form-control-wrap Adulti\"><input type=\"number\" name=\"Adulti\" value=\"\" class=\"wpcf7-form-control wpcf7-number wpcf7-validates-as-required wpcf7-validates-as-number\" id=\"nrpers\" aria-required=\"true\" aria-invalid=\"false\" \/><\/span><br \/>\n<strong>Number of kids:<\/strong><br \/>\n<span class=\"wpcf7-form-control-wrap Copii\"><input type=\"number\" name=\"Copii\" value=\"\" class=\"wpcf7-form-control wpcf7-number wpcf7-validates-as-required wpcf7-validates-as-number\" id=\"nrcopii\" aria-required=\"true\" aria-invalid=\"false\" \/><\/span><\/p>\n<p><strong>V\u00e2rst\u0103 copii:<\/strong><br \/>\n<span class=\"wpcf7-form-control-wrap number-65\"><input type=\"number\" name=\"number-65\" value=\"\" class=\"wpcf7-form-control wpcf7-number wpcf7-validates-as-number\" aria-invalid=\"false\" \/><\/span><br \/>\n<strong>Aditional Information (if you want):<\/strong><br \/>\n<span class=\"wpcf7-form-control-wrap Mesaj\"><textarea name=\"Mesaj\" cols=\"40\" rows=\"10\" class=\"wpcf7-form-control wpcf7-textarea\" id=\"mesaj\" aria-invalid=\"false\"><\/textarea><\/span><\/p>\n<p><input type=\"submit\" value=\"Send booking!\" class=\"wpcf7-form-control wpcf7-submit button1\" id=\"submitmail\" \/><\/p>\n<div class=\"wpcf7-response-output\" aria-hidden=\"true\"><\/div><input type=\"hidden\" name=\"trp-form-language\" value=\"en_us\"\/><\/form><\/div>","protected":false},"excerpt":{"rendered":"","protected":false},"author":1,"featured_media":944,"parent":0,"menu_order":0,"comment_status":"closed","ping_status":"closed","template":"","meta":[],"_links":{"self":[{"href":"https:\/\/www.pensiune-laura.ro\/en_us\/wp-json\/wp\/v2\/pages\/24"}],"collection":[{"href":"https:\/\/www.pensiune-laura.ro\/en_us\/wp-json\/wp\/v2\/pages"}],"about":[{"href":"https:\/\/www.pensiune-laura.ro\/en_us\/wp-json\/wp\/v2\/types\/page"}],"author":[{"embeddable":true,"href":"https:\/\/www.pensiune-laura.ro\/en_us\/wp-json\/wp\/v2\/users\/1"}],"replies":[{"embeddable":true,"href":"https:\/\/www.pensiune-laura.ro\/en_us\/wp-json\/wp\/v2\/comments?post=24"}],"version-history":[{"count":8,"href":"https:\/\/www.pensiune-laura.ro\/en_us\/wp-json\/wp\/v2\/pages\/24\/revisions"}],"predecessor-version":[{"id":1782,"href":"https:\/\/www.pensiune-laura.ro\/en_us\/wp-json\/wp\/v2\/pages\/24\/revisions\/1782"}],"wp:featuredmedia":[{"embeddable":true,"href":"https:\/\/www.pensiune-laura.ro\/en_us\/wp-json\/wp\/v2\/media\/944"}],"wp:attachment":[{"href":"https:\/\/www.pensiune-laura.ro\/en_us\/wp-json\/wp\/v2\/media?parent=24"}],"curies":[{"name":"wp","href":"https:\/\/api.w.org\/{rel}","templated":true}]}}