{"id":422,"date":"2015-01-28T13:50:09","date_gmt":"2015-01-28T13:50:09","guid":{"rendered":"http:\/\/www.pensiune-laura.ro\/?page_id=422"},"modified":"2019-03-18T16:36:29","modified_gmt":"2019-03-18T16:36:29","slug":"oferta-rusalii","status":"publish","type":"page","link":"https:\/\/www.pensiune-laura.ro\/en_us\/oferta-rusalii\/","title":{"rendered":"Oferta Rusalii"},"content":{"rendered":"<h3 style=\"text-align: center;\"><span style=\"color: #b80909;\"><strong>S\u0102RB\u0102TOAREA RUSALIILOR 2018 la PENSIUNEA CASA\u00a0LAURA<\/strong><\/span><\/h3>\n<p style=\"text-align: center;\"><em><span contextmenu=\"true\">S\u0103rb\u0103toarea<\/span> Rusaliilor este <span contextmenu=\"true\">cunoscut\u0103<\/span> <span contextmenu=\"true\">c\u0103<\/span> o <span contextmenu=\"true\">s\u0103rb\u0103toare<\/span> <span contextmenu=\"true\">cre\u015ftin\u0103<\/span>, <span contextmenu=\"true\">care<\/span> <span contextmenu=\"true\">se<\/span> <span contextmenu=\"true\">s\u0103rb\u0103tore\u015fte<\/span> <span contextmenu=\"true\">la<\/span> 50 de zile <span contextmenu=\"true\">dup\u0103<\/span> <span contextmenu=\"true\">Pa\u015fti<\/span> <span contextmenu=\"true\">\u015fi<\/span> <span contextmenu=\"true\">care<\/span> <span contextmenu=\"true\">se<\/span> <span contextmenu=\"true\">mai<\/span> <span contextmenu=\"true\">nume\u015fte<\/span> <span contextmenu=\"true\">\u015fi<\/span> <span contextmenu=\"true\">s\u0103rb\u0103toarea<\/span> Cincizecimii. <span contextmenu=\"true\">\u00cen<\/span> <span contextmenu=\"true\">aceast\u0103<\/span> zi\u00a0<span contextmenu=\"true\">\u00eentreaga<\/span>\u00a0comunitate <span contextmenu=\"true\">cre\u015ftin\u0103<\/span> <span contextmenu=\"true\">din<\/span> lume <span contextmenu=\"true\">s\u0103rb\u0103tore\u015fte<\/span> <span contextmenu=\"true\">pogor\u00e2rea<\/span> Duhului <span contextmenu=\"true\">Sf\u00e2nt<\/span> <span contextmenu=\"true\">\u015fi<\/span> <span contextmenu=\"true\">na\u015fterea<\/span> bisericii.<\/em><\/p>\n<p style=\"text-align: center;\">\n<h3 style=\"text-align: center;\"><span style=\"color: #ff0000;\">PACHET 5 ZILE\/ 4 NOPTI 14.06.-18.06.2019<\/span><\/h3>\n<p>PACHET CU PENSIUNE COMPLETA \u2013 in camera dubla \/twin<br \/>\n<span style=\"color: #0000ff;\">1300 lei\/ persoana\/pachet 5 zile\/4 nopti<\/span><br \/>\nintrare- pranz + cina in<br \/>\nmic dejun ( bufet suedez) + pranz + cina festiva<br \/>\nmic dejun ( bufet suedez) + pranz festiv de paste+ cina festiva<br \/>\nmic dejun ( bufet suedez) + pranz + cina<br \/>\niesire- mic dejun<\/p>\n<h3 style=\"text-align: center;\">\n<span style=\"color: #ff0000;\">PACHET 4 ZILE \/3 NOPTI 15.06.-18.06.2019<\/span><\/h3>\n<p>PENSIUNE COMPLETA \u2013 in camera dubla \/twin<br \/>\n<span style=\"color: #0000ff;\">1000 lei\/ persoana\/pachet 4 zile\/3 nopti<\/span><br \/>\nintrare- pranz + cina in<br \/>\nmic dejun ( bufet suedez) + pranz + cina festiva<br \/>\nmic dejun(bufet suedez) + pranz festiv de paste + cina festiva<br \/>\niesire- mic dejun<\/p>\n<p>Gratuit copiii 0-6 ani ( fara pat suplimentar si loc la masa)<br \/>\nCopiii intre 6-12 ani au gratuitate la cazare daca nu se soliciata pat suplimentar si reducere de 50% din<br \/>\npretul mesei , copiii peste 12 ani platesc pachetul integral<br \/>\nPachetul include TVA si taxa hoteliera<\/p>\n<h4><\/h4>\n<p style=\"text-align: left;\"><span style=\"color: #ff6600;\"><strong>Se ofer\u0103:<\/strong><\/span><br \/>\n-acces <span contextmenu=\"true\">la<\/span> centrul <span contextmenu=\"true\">SPA<\/span> <span contextmenu=\"true\">care<\/span> dispune de <span contextmenu=\"true\">saun\u0103<\/span> (capacitate 6 locuri), 1 <span contextmenu=\"true\">mas\u0103<\/span> de tenis, 1 <span contextmenu=\"true\">mas\u0103<\/span> biliard.<br \/>\n-internet WI-<span contextmenu=\"true\">FI<\/span>.<br \/>\n-copiii sub 6 ani: gratuit (far\u0103 pat suplimentar \u0219i loc la mas\u0103)<br \/>\n-copiii <span contextmenu=\"true\">\u00eentre<\/span> 6-12 ani au \u00a0gratuitate <span contextmenu=\"true\">la<\/span> cazare (dac\u0103 nu se solicit\u0103\u00a0<span contextmenu=\"true\">pat<\/span> suplimentar) <span contextmenu=\"true\">\u015fi<\/span> reducere de 50% <span contextmenu=\"true\">din<\/span> <span contextmenu=\"true\">pre\u0163ul<\/span>\u00a0<span contextmenu=\"true\">mesei<\/span><br \/>\n-copiii <span contextmenu=\"true\">peste<\/span> 12 ani <span contextmenu=\"true\">pl\u0103tesc<\/span> pachetul integral<\/p>\n<p><span style=\"color: #ff6600;\"><strong><span contextmenu=\"true\">Not\u0103<\/span>:<\/strong> <\/span><br \/>\n-check-i<span contextmenu=\"true\">n<\/span> <span contextmenu=\"true\">dup\u0103<\/span> <span contextmenu=\"true\">ora<\/span> 14.00, <span contextmenu=\"true\">inclus\u0103<\/span> <span contextmenu=\"true\">cin\u0103<\/span> <span contextmenu=\"true\">\u015fi<\/span> check-<span contextmenu=\"true\">out<\/span> <span contextmenu=\"true\">dup\u0103<\/span> servirea micului dejun (<span contextmenu=\"true\">p\u00e2n\u0103<\/span> <span contextmenu=\"true\">\u00een<\/span> <span contextmenu=\"true\">ora<\/span> 12.00).<\/p>\n<p>-se va respecta <em>Regulamentul de Ordine Interioar\u0103 al Pensiunii &#8222;Casa Laura&#8221;<\/em>.<\/p>\n<p style=\"text-align: left;\">Camerele <span contextmenu=\"true\">se<\/span> <span contextmenu=\"true\">\u00eenchiriaz\u0103<\/span> <span contextmenu=\"true\">\u00een<\/span> regim DBL.<br \/>\n<span contextmenu=\"true\">\u00cen<\/span> cazul <span contextmenu=\"true\">\u00eenchirierii<\/span> <span contextmenu=\"true\">\u00een<\/span> regim SGL, tariful <span contextmenu=\"true\">se<\/span> <span contextmenu=\"true\">suplimenteaz\u0103<\/span> cu 30%.<\/p>\n<p style=\"text-align: center;\"><span style=\"color: #ff6600;\"><strong>Pachetele includ TVA <span contextmenu=\"true\">\u015fi<\/span> <span contextmenu=\"true\">taxa<\/span> <span contextmenu=\"true\">hotelier\u0103.<\/span><\/strong><\/span><\/p>\n<h4><span style=\"color: #ff6600;\">Condi\u021bii de rezervare:<\/span><\/h4>\n<ul>\n<li>Pentru rezervare <span contextmenu=\"true\">ferm\u0103<\/span> <span contextmenu=\"true\">se<\/span> <span contextmenu=\"true\">va<\/span> <span contextmenu=\"true\">achita<\/span> un avans de 50% <span contextmenu=\"true\">din<\/span> <span contextmenu=\"true\">pre\u0163ul<\/span> pachetului<\/li>\n<li><span contextmenu=\"true\">Diferen\u0163a<\/span> de 50 % <span contextmenu=\"true\">se<\/span> <span contextmenu=\"true\">va<\/span> <span contextmenu=\"true\">achita<\/span> cu 10 zile \u00eenainte de data rezerv\u0103rii<\/li>\n<li>Avansul\u00a0 nu <span contextmenu=\"true\">se<\/span> restituie <span contextmenu=\"true\">\u00een<\/span> cazul <span contextmenu=\"true\">anul\u0103rii<\/span> <span contextmenu=\"true\">rezervarii<\/span><\/li>\n<\/ul>\n<p><span style=\"color: #b80909;\"><span contextmenu=\"true\">Va<\/span> <span contextmenu=\"true\">a\u015ftept\u0103m<\/span> cu drag ! \u00a0<\/span> \u00a0 \u00a0 \u00a0 \u00a0 \u00a0 \u00a0 \u00a0 \u00a0 \u00a0 \u00a0 \u00a0 \u00a0 \u00a0 \u00a0 \u00a0 \u00a0\u00a0<a href=\"http:\/\/www.pensiuneacasadavid.ro\/wp-content\/uploads\/2015\/01\/rusalii_51044800.jpg\"><img loading=\"lazy\" class=\"wp-image-500 alignright\" src=\"http:\/\/www.pensiuneacasadavid.ro\/wp-content\/uploads\/2015\/01\/rusalii_51044800.jpg\" alt=\"rusalii_51044800\" width=\"275\" height=\"207\" \/><\/a><\/p>\n<h5 style=\"text-align: center;\"><a href=\"mailto:pensiuneacasalaura@gmail.com\">pensiuneacasalaura@gmail.com<\/a><\/h5>\n<h5 style=\"text-align: center;\"><span style=\"text-decoration: underline;\"><span style=\"color: #333333;\"><strong>www.pensiune-laura.ro<\/strong><\/span><\/span><\/h5>\n<h5 style=\"text-align: center;\"><strong>\u00a0\u00a0\u00a0\u00a0\u00a0\u00a0\u00a0\u00a0\u00a0\u00a0Rezerv\u0103ri la telefon: <span style=\"color: #0000ff;\">0787 59 39 44<\/span><\/strong><\/h5>\n<p><strong>\u00a0<\/strong><\/p>","protected":false},"excerpt":{"rendered":"<p>S\u0102RB\u0102TOAREA RUSALIILOR 2018 la PENSIUNEA CASA\u00a0LAURA S\u0103rb\u0103toarea Rusaliilor este cunoscut\u0103 c\u0103 o s\u0103rb\u0103toare cre\u015ftin\u0103, care se s\u0103rb\u0103tore\u015fte la 50 de zile dup\u0103 Pa\u015fti \u015fi care se mai nume\u015fte \u015fi s\u0103rb\u0103toarea Cincizecimii. \u00cen aceast\u0103 zi\u00a0\u00eentreaga\u00a0comunitate cre\u015ftin\u0103 din lume s\u0103rb\u0103tore\u015fte pogor\u00e2rea Duhului Sf\u00e2nt \u015fi na\u015fterea bisericii. PACHET 5 ZILE\/ 4 NOPTI 14.06.-18.06.2019 [&hellip;]<\/p>","protected":false},"author":1,"featured_media":0,"parent":0,"menu_order":0,"comment_status":"closed","ping_status":"closed","template":"","meta":[],"_links":{"self":[{"href":"https:\/\/www.pensiune-laura.ro\/en_us\/wp-json\/wp\/v2\/pages\/422"}],"collection":[{"href":"https:\/\/www.pensiune-laura.ro\/en_us\/wp-json\/wp\/v2\/pages"}],"about":[{"href":"https:\/\/www.pensiune-laura.ro\/en_us\/wp-json\/wp\/v2\/types\/page"}],"author":[{"embeddable":true,"href":"https:\/\/www.pensiune-laura.ro\/en_us\/wp-json\/wp\/v2\/users\/1"}],"replies":[{"embeddable":true,"href":"https:\/\/www.pensiune-laura.ro\/en_us\/wp-json\/wp\/v2\/comments?post=422"}],"version-history":[{"count":16,"href":"https:\/\/www.pensiune-laura.ro\/en_us\/wp-json\/wp\/v2\/pages\/422\/revisions"}],"predecessor-version":[{"id":1049,"href":"https:\/\/www.pensiune-laura.ro\/en_us\/wp-json\/wp\/v2\/pages\/422\/revisions\/1049"}],"wp:attachment":[{"href":"https:\/\/www.pensiune-laura.ro\/en_us\/wp-json\/wp\/v2\/media?parent=422"}],"curies":[{"name":"wp","href":"https:\/\/api.w.org\/{rel}","templated":true}]}}